{"id":2992,"date":"2022-01-26T21:51:31","date_gmt":"2022-01-26T21:51:31","guid":{"rendered":"https:\/\/redzonecarbon.fulcrumwheels.com\/?page_id=2992"},"modified":"2022-01-26T21:56:39","modified_gmt":"2022-01-26T21:56:39","slug":"terms_conditions_it","status":"publish","type":"page","link":"https:\/\/metal.fulcrumwheels.com\/it\/terms_conditions_it\/","title":{"rendered":"terms_conditions_it"},"content":{"rendered":"\t\t<div data-elementor-type=\"wp-page\" data-elementor-id=\"2992\" class=\"elementor elementor-2992\" data-elementor-post-type=\"page\">\n\t\t\t\t\t\t<section class=\"elementor-section elementor-top-section elementor-element elementor-element-ca0b93d elementor-section-boxed elementor-section-height-default elementor-section-height-default\" data-id=\"ca0b93d\" data-element_type=\"section\">\n\t\t\t\t\t\t<div class=\"elementor-container elementor-column-gap-default\">\n\t\t\t\t\t<div class=\"elementor-column elementor-col-100 elementor-top-column elementor-element elementor-element-c626403\" data-id=\"c626403\" data-element_type=\"column\">\n\t\t\t<div class=\"elementor-widget-wrap elementor-element-populated\">\n\t\t\t\t\t\t<div class=\"elementor-element elementor-element-06ebb80 elementor-widget elementor-widget-text-editor\" data-id=\"06ebb80\" data-element_type=\"widget\" data-widget_type=\"text-editor.default\">\n\t\t\t\t<div class=\"elementor-widget-container\">\n\t\t\t\t\t\t\tREGOLAMENTO CONCORSO A PREMI DENOMINATO\n<h2> \u201cVinci una coppia di Fulcrum Red Zone Carbon\u201d <\/h2>\t\t\t\t\t\t<\/div>\n\t\t\t\t<\/div>\n\t\t\t\t<div class=\"elementor-element elementor-element-c1f6513 elementor-widget elementor-widget-text-editor\" data-id=\"c1f6513\" data-element_type=\"widget\" data-widget_type=\"text-editor.default\">\n\t\t\t\t<div class=\"elementor-widget-container\">\n\t\t\t\t\t\t\t<p class=\"p1\"><b>Societ\u00e0 Promotrice:<\/b> <br \/>FULCRUM WHEELS S.R.L.<\/p><p class=\"p1\"><br \/><b>Sede Legale: <\/b><br \/>Via dell&#8217;Economia 103 &#8211; 36100 Vicenza (VI) -C.F\/P.IVA 03167450240<span class=\"Apple-converted-space\">\u00a0<\/span><\/p><p class=\"p1\"><b>Soggetto Delegato: <\/b><br \/>Leevia s.r.l., con Sede in Via Ampere 61\/A, 20131 Milano \u2013 P.IVA 02339780229<span class=\"Apple-converted-space\">\u00a0<\/span><\/p><p class=\"p1\"><b>Destinatari: <\/b><br \/>L\u2019iniziativa \u00e8 rivolta agli utenti maggiorenni alla data di avvio del concorso<span class=\"Apple-converted-space\">\u00a0<\/span><\/p><p class=\"p1\"><b>Durata: <\/b><br \/>Dalle ore 16.00 del 26 gennaio 2022 al 26 febbraio 2022. Verbale entro il 10 marzo 2022.<span class=\"Apple-converted-space\">\u00a0<\/span><\/p><p class=\"p1\"><b>MODALIT\u00c0 DI PARTECIPAZIONE<span class=\"Apple-converted-space\">\u00a0<\/span><\/b><\/p><p class=\"p1\">A partire ore 16.00 del 26 gennaio 2022 al 26 febbraio 2022 il Promotore dar\u00e0 la possibilit\u00e0 agli utenti maggiorenni alla data di avvio del concorso di partecipare alla presente iniziativa secondo modalit\u00e0 di seguito dettagliate.<span class=\"Apple-converted-space\">\u00a0<\/span><\/p><p class=\"p1\">Nello specifico per partecipare i destinatari dovranno:<span class=\"Apple-converted-space\">\u00a0<\/span><\/p><p class=\"p1\">&#8211; Connettersi al sito redzonecarbon.fulcrumwheels.com ed accedere all\u2019area dedicata al presente concorso;<span class=\"Apple-converted-space\">\u00a0<\/span><\/p><p class=\"p1\">&#8211; Compilare in ogni sua parte i campi, indicati come obbligatori, presenti nell\u2019apposita maschera elettronica di partecipazione al contest.<span class=\"Apple-converted-space\">\u00a0<\/span><\/p><p class=\"p1\">Ogni utente potr\u00e0 partecipare una sola volta nell\u2019arco dell\u2019intero periodo concorsuale. Partecipazioni successive alla prima riconducibili ad una stessa identit\u00e0 potranno essere invalidate anche a posteriori e nel caso di vincita la stessa verr\u00e0 assegnata ad una riserva come pi\u00f9 avanti descritto.<span class=\"Apple-converted-space\">\u00a0<\/span><\/p><p class=\"p1\">I dati di tutti coloro che avranno compilato per intero il form di partecipazione verranno raccolti dal Promotore in un apposito file di estrazione.<span class=\"Apple-converted-space\">\u00a0<\/span><\/p><p class=\"p1\">Entro il 10 marzo 2022, il suddetto file verr\u00e0 messo a disposizione di un notaio o del responsabile della tutela del consumatore e della fede pubblica della Camera di Commercio, alla presenza del quale si proceder\u00e0 all\u2019estrazione manuale e casuale di n. 1 vincitore (pi\u00f9 n. 3 riserve) che si aggiudicher\u00e0 il premio consistente in:<span class=\"Apple-converted-space\">\u00a0<\/span><\/p><p class=\"p1\">&#8211; N.1 coppia di ruote Fulcrum Red Zone Carbon del valore di \u20ac 1.139,34 IVA esclusa<span class=\"Apple-converted-space\">\u00a0<\/span><\/p><p class=\"p3\"><b>TOTALE MONTEPREMI COMPLESSIVO: EURO \u20ac 1.139,34 + IVA Si ricorda e ribadisce inoltre che:<span class=\"Apple-converted-space\">\u00a0<\/span><\/b><\/p><p class=\"p1\">&#8211; Uno stesso utente potr\u00e0 partecipare una sola volta e vincere un solo premio.<span class=\"Apple-converted-space\">\u00a0<\/span><\/p><p class=\"p3\"><b>COMUNICAZIONI ED ACCETTAZIONE DI VINCITA<span class=\"Apple-converted-space\">\u00a0<\/span><\/b><\/p><p class=\"p1\">Il vincitore sar\u00e0 avvisato mezzo e-mail e dovr\u00e0 accettare il premio entro i tempi e le modalit\u00e0 comunicate in fase di comunicazione di avviso vincita. Nel caso in cui il vincitore risultasse irreperibile o l\u2019accettazione non risultasse valida (a titolo esemplificativo per mancata risposta entro i tempi e le modalit\u00e0 richieste), il premio sar\u00e0 assegnato ad una riserva che dovr\u00e0 convalidare a sua volta il premio con le modalit\u00e0 che gli saranno indicate.<span class=\"Apple-converted-space\">\u00a0<\/span><\/p><p class=\"p3\"><b>Si precisa inoltre che:<span class=\"Apple-converted-space\">\u00a0<\/span><\/b><\/p><p class=\"p1\">&#8211; Esclusione dei partecipanti: sono esclusi dalla partecipazione al presente concorso a premi:<br \/><br \/>&#8211; I dipendenti o collaboratori della Societ\u00e0 Promotrice e di tutte le societ\u00e0 coinvolte per lo svolgimento del concorso; <br \/><br \/>&#8211; I minorenni.<span class=\"Apple-converted-space\">\u00a0<\/span><\/p><p class=\"p1\">Sono altres\u00ec esclusi dalla partecipazione al Concorso e non potranno pertanto godere dell\u2019eventuale premio vinto tutti quegli utenti che, secondo il giudizio insindacabile della Societ\u00e0 Promotrice o di terze parti incaricate dalla stessa, risultino vincitori con mezzi e strumenti giudicati in maniera sospetta, fraudolenta, o in violazione del normale svolgimento dell\u2019iniziativa. La Societ\u00e0 Promotrice o terze parti incaricate dalla stessa, si riservano il diritto di procedere, nei termini giudicati pi\u00f9 opportuni, e nel rispetto delle leggi vigenti, per limitare ed inibire ogni iniziativa volta ad aggirare il sistema ideato.<span class=\"Apple-converted-space\">\u00a0<\/span><\/p><p class=\"p1\">&#8211; La Promotrice non si assume nessuna responsabilit\u00e0 per qualsiasi problema di accesso, impedimento, disfunzione o difficolt\u00e0 riguardante gli strumenti tecnici, il computer, la linea telefonica, la trasmissione e la connessione, il collegamento Internet che possa impedire ad un concorrente di partecipare al concorso o di accettare la propria vincita nei tempi e modi indicati.<span class=\"Apple-converted-space\">\u00a0<\/span><\/p><p class=\"p1\">&#8211; Il vincitore \u00e8 l\u2019unico responsabile della gestione della propria casella di posta elettronica, con particolare riferimento:<br \/><br \/>&#8211; Alla presa visione della eventuale e-mail di vincita;<br \/><br \/>&#8211; All\u2019adozione delle misure di sicurezza che impediscano ad altri soggetti dallo stesso non autorizzati di accedere alla propria casella.<span class=\"Apple-converted-space\">\u00a0<\/span><\/p><p class=\"p1\">La Societ\u00e0 Promotrice e le terze parti incaricate dalla stessa, non si assumono alcuna responsabilit\u00e0 in caso di mancato o tardivo recapito del premio nel caso in cui si verifichi una delle seguenti condizioni:<br \/><br \/>&#8211; La mailbox di un vincitore risulti piena;<br \/><br \/>&#8211; L\u2019e-mail indicata dal partecipante in fase di registrazione risulti inesistente, errata o incompleta;<br \/><br \/>&#8211; Non vi sia risposta dall\u2019host computer dopo l\u2019invio dell\u2019e-mail di notifica della vincita;<span class=\"Apple-converted-space\">\u00a0<\/span><\/p><p class=\"p1\">\u2013 La mailbox di un vincitore risulti disabilitata;<br \/><br \/>&#8211; L\u2019e-mail indicata in fase di registrazione sia inserita in una blacklist; <span class=\"s1\">\u27a2<\/span> Dati personali errati e\/o non veritieri.<span class=\"Apple-converted-space\">\u00a0<\/span><\/p><p class=\"p3\"><b>La Societ\u00e0 Promotrice si riserva il diritto di:<span class=\"Apple-converted-space\">\u00a0<\/span><\/b><\/p><p class=\"p1\">&#8211; Pubblicare i dati dei vincitori;<br \/><br \/>&#8211; Richiedere ai vincitori ed eventualmente ai partecipanti tutti i documenti necessari per verificare la correttezza dei dati inseriti; l\u2019eventuale richiesta verr\u00e0 effettuata a mezzo e-mail all\u2019indirizzo utilizzato per la registrazione al concorso; la mancata o incompleta trasmissione della documentazione entro il termine indicato nella richiesta, comporter\u00e0 l\u2019esclusione del partecipante e nel caso di vincita la stessa verr\u00e0 invalidata;<br \/><br \/>&#8211; Effettuare le opportune verifiche, eventualmente annullando le registrazioni, partecipazioni o vincite effettuate, secondo il giudizio insindacabile della societ\u00e0 promotrice o di terze parti incaricate dalla stessa, difformemente da quanto previsto dal presente Regolamento o con mezzi, modalit\u00e0 e\/o strumenti giudicati in maniera sospetta, fraudolenta o in violazione del normale svolgimento dell\u2019iniziativa e, conseguentemente, escludendo dalla partecipazione gli utenti che non dovessero rispettare le regole previste dal presente regolamento, eventualmente annullando anche le vincite gi\u00e0 conseguite.<span class=\"Apple-converted-space\">\u00a0<\/span><\/p><p class=\"p1\">&#8211; Non ci sono limitazioni territoriali alla residenza o domicilio dei partecipanti, pertanto le partecipazioni possono pervenire da tutto il mondo.<span class=\"Apple-converted-space\">\u00a0<\/span><\/p><p class=\"p1\">&#8211; I premi saranno consegnati agli aventi diritto entro 180 giorni (sei mesi) dalla data di assegnazione.<span class=\"Apple-converted-space\">\u00a0<\/span><\/p><p class=\"p1\">&#8211; I premi non sono cedibili.<span class=\"Apple-converted-space\">\u00a0<\/span><\/p><p class=\"p1\">&#8211; Tutti i premi in palio non potranno in nessun modo essere convertiti in gettoni d\u2019oro o in denaro. La Promotrice si riserva il diritto in caso i premi siano indisponibili per motivi indipendenti dalla facolt\u00e0 della Promotrice di fornire un premio di eguale o superiore valore con caratteristiche simili.<span class=\"Apple-converted-space\">\u00a0<\/span><\/p><p class=\"p1\">&#8211; La Societ\u00e0 Promotrice si riserva il diritto di annullare il presente Concorso in qualsiasi momento nonch\u00e9 di modificare il presente regolamento senza preavviso, se richiesto da circostanze impreviste al di l\u00e0 del suo ragionevole controllo.<span class=\"Apple-converted-space\">\u00a0<\/span><\/p><p class=\"p1\">&#8211; Cauzione: La Cauzione pari al 100% dell\u2019ammontare dei premi posti in palio, di cui all\u2019art. 7 del D.P.R. 430\/2001, \u00e8 stata prestata a favore del Ministero dello Sviluppo Economico.<span class=\"Apple-converted-space\">\u00a0<\/span><\/p><p class=\"p3\"><b>ONLUS:<span class=\"Apple-converted-space\">\u00a0<\/span><\/b><\/p><p class=\"p1\">I premi, se non assegnati, per qualsiasi motivo, diversamente da quelli rifiutati, saranno devoluti alla seguente ONLUS, come prevede l\u2019art. 10 comma 5 del D.P.R. n. 430, 26 ottobre 2001:<br \/>&#8211; ONLUS: Fondazione Michele Scarponi ONLUS Via San Marino 15\/A Filottrano &#8211; Ancona &#8211; C.F. 93154670421<span class=\"Apple-converted-space\">\u00a0<\/span><\/p><p class=\"p3\"><b>Server:<span class=\"Apple-converted-space\">\u00a0<\/span><\/b><\/p><p class=\"p1\">I dati dei partecipanti al concorso sono salvati su server che risiedono su territorio nazionale italiano.<span class=\"Apple-converted-space\">\u00a0<\/span><\/p><p class=\"p3\"><b>Esclusione dalla partecipazione:<span class=\"Apple-converted-space\">\u00a0<\/span><\/b><\/p><p class=\"p1\">Non possono partecipare alla presente manifestazione a premi i dipendenti del soggetto promotore e quelli del soggetto delegato Leevia s.r.l. Sono altres\u00ec esclusi tutti i terzi, e i loro dipendenti, che abbiano collaborato a qualsiasi titolo alla realizzazione del concorso.<span class=\"Apple-converted-space\">\u00a0<\/span><\/p><p class=\"p3\"><b>Pubblicit\u00e0:<span class=\"Apple-converted-space\">\u00a0<\/span><\/b><\/p><p class=\"p1\">Sar\u00e0 comunicato il contenuto della promozione utilizzando i seguenti mezzi: campagna web. Il Regolamento integrale sar\u00e0 raggiungibile alla pagina redzonecarbon.fulcrumwheels.com. La Societ\u00e0 si riserva comunque di utilizzare ogni altro mezzo di comunicazione che appaia idoneo a portare a conoscenza il contenuto della presente manifestazione a premi ai destinatari della stessa.<span class=\"Apple-converted-space\">\u00a0<\/span><\/p><p class=\"p1\">&#8211; La Societ\u00e0 Promotrice non intende esercitare il diritto di rivalsa della ritenuta alla fonte del 25% prevista dall&#8217;art. 30 del D.P.R. n.600 del 29\/9\/73.<span class=\"Apple-converted-space\">\u00a0<\/span><\/p><p class=\"p1\">&#8211; FULCRUM WHEELS S.R.L. garantisce che il trattamento dei dati personali forniti dai partecipanti, che dichiarano di essere maggiorenni, in relazione alla presente manifestazione a premi \u00e8 effettuato nel rispetto della normativa in materia di protezione dei dati personali come riportato al link presente nel form di registrazione al concorso.<span class=\"Apple-converted-space\">\u00a0<\/span><\/p><p class=\"p1\">&#8211; Resta inteso che i partecipanti alla presente manifestazione dichiarano di essere maggiorenni.<span class=\"Apple-converted-space\">\u00a0<\/span><\/p><p class=\"p1\">&#8211; Modalit\u00e0 di partecipazione al presente concorso a premi:<br \/>la partecipazione comporta per il consumatore l\u2019accettazione incondizionata e totale delle regole e delle clausole contenute nel presente Regolamento senza limitazione alcuna.<span class=\"Apple-converted-space\">\u00a0<\/span><\/p><p class=\"p1\">Milano, 11 gennaio 2022 <br \/>Per FULCRUM WHEELS S.R.L. <br \/>Il Soggetto Delegato Leevia s.r.l.<span class=\"Apple-converted-space\">\u00a0<\/span><\/p>\t\t\t\t\t\t<\/div>\n\t\t\t\t<\/div>\n\t\t\t\t\t<\/div>\n\t\t<\/div>\n\t\t\t\t\t<\/div>\n\t\t<\/section>\n\t\t\t\t<\/div>\n\t\t","protected":false},"excerpt":{"rendered":"<p>REGOLAMENTO CONCORSO A PREMI DENOMINATO \u201cVinci una coppia di Fulcrum Red Zone Carbon\u201d Societ\u00e0 Promotrice: FULCRUM WHEELS S.R.L. Sede Legale: Via dell&#8217;Economia 103 &#8211; 36100 Vicenza (VI) -C.F\/P.IVA 03167450240\u00a0 Soggetto Delegato: Leevia s.r.l., con Sede in Via Ampere 61\/A, 20131 Milano \u2013 P.IVA 02339780229\u00a0 Destinatari: L\u2019iniziativa \u00e8 rivolta agli utenti maggiorenni alla data di avvio [&hellip;]<\/p>\n","protected":false},"author":2,"featured_media":0,"parent":0,"menu_order":0,"comment_status":"closed","ping_status":"closed","template":"","meta":{"footnotes":""},"class_list":["post-2992","page","type-page","status-publish","hentry"],"_links":{"self":[{"href":"https:\/\/metal.fulcrumwheels.com\/it\/wp-json\/wp\/v2\/pages\/2992"}],"collection":[{"href":"https:\/\/metal.fulcrumwheels.com\/it\/wp-json\/wp\/v2\/pages"}],"about":[{"href":"https:\/\/metal.fulcrumwheels.com\/it\/wp-json\/wp\/v2\/types\/page"}],"author":[{"embeddable":true,"href":"https:\/\/metal.fulcrumwheels.com\/it\/wp-json\/wp\/v2\/users\/2"}],"replies":[{"embeddable":true,"href":"https:\/\/metal.fulcrumwheels.com\/it\/wp-json\/wp\/v2\/comments?post=2992"}],"version-history":[{"count":7,"href":"https:\/\/metal.fulcrumwheels.com\/it\/wp-json\/wp\/v2\/pages\/2992\/revisions"}],"predecessor-version":[{"id":2999,"href":"https:\/\/metal.fulcrumwheels.com\/it\/wp-json\/wp\/v2\/pages\/2992\/revisions\/2999"}],"wp:attachment":[{"href":"https:\/\/metal.fulcrumwheels.com\/it\/wp-json\/wp\/v2\/media?parent=2992"}],"curies":[{"name":"wp","href":"https:\/\/api.w.org\/{rel}","templated":true}]}}